

{"id":42,"date":"2026-02-12T18:31:58","date_gmt":"2026-02-12T21:31:58","guid":{"rendered":"https:\/\/mariarodrigues.com.br\/site\/?page_id=42"},"modified":"2026-03-09T08:59:54","modified_gmt":"2026-03-09T11:59:54","slug":"chacaras","status":"publish","type":"page","link":"https:\/\/mariarodrigues.com.br\/site\/chacaras\/","title":{"rendered":"Ch\u00e1caras"},"content":{"rendered":"<h1 style=\"text-align: center;\">Ch\u00e1caras<\/h1>\n<div class=\"centralizar-busca-ricardo\" style=\"padding-left: 10px; padding-right: 10px; max-width: 90%; margin: 0 auto;\">\n\n\t<div\n\t\tclass=\"ich-settings-main-wrap rem-listings-wrap-ajax-disable\"\n\t \tdata-lstyle=\"1\"\n\t \tdata-cols=\"col-sm-12 m-item\"\n\t \tdata-paged=\"1\"\n\t \tdata-total=\"10\"\n\t>\n\n\n\t\t\n\t<div class=\"row \"><div id=\"property-2692\"  class=\"col-sm-12 m-item post-2692 rem_property type-rem_property status-publish hentry rem_property_tag-chacaras rem_property_cat-chacaras\"><div class=\"rem-style-1 rem-property-box\">\n    <div class=\"img-container\">\n        <a target=\"\" href=\"https:\/\/mariarodrigues.com.br\/site\/property\/chacara-proximo-ao-terra-parque\/\">\n                                        <span class=\"property-type\">Ch\u00e1cara<\/span>\n                        <span class=\"address-text\">\n                <i class=\"fa fa-map-marker-alt\"><\/i>\n                            <\/span>\n            <span class=\"images-text\">\n                <i class=\"fa fa-camera\"><\/i>\n                42            <\/span>\n            <img loading=\"lazy\" decoding=\"async\" width=\"1024\" height=\"768\" src=\"https:\/\/mariarodrigues.com.br\/site\/wp-content\/uploads\/2026\/02\/terra-parque-1.jpeg\" class=\"img-responsive rem-f-image\" alt=\"\" data-pid=\"2692\" srcset=\"https:\/\/mariarodrigues.com.br\/site\/wp-content\/uploads\/2026\/02\/terra-parque-1.jpeg 1024w, https:\/\/mariarodrigues.com.br\/site\/wp-content\/uploads\/2026\/02\/terra-parque-1-300x225.jpeg 300w, https:\/\/mariarodrigues.com.br\/site\/wp-content\/uploads\/2026\/02\/terra-parque-1-768x576.jpeg 768w\" sizes=\"auto, (max-width: 1024px) 100vw, 1024px\" \/>        <\/a>\n    <\/div>\n\n    <div class=\"content-container\">\n        <a target=\"\" href=\"https:\/\/mariarodrigues.com.br\/site\/property\/chacara-proximo-ao-terra-parque\/\">\n            <h2 class=\"property-title\">Terra Parque<\/h2> \n        <\/a>\n        <p class=\"property-price\">\n                           <span class=\"price\"><span class=\"rem-price-amount\"><span class=\"rem-currency-symbol\">&#82;&#36;<\/span>160.000,00<\/span><\/span> \n                        \n        <\/p>\n        <p class=\"property-excerpt\">\n            \ud83d\udccd Excelente localiza\u00e7\u00e3o, regi\u00e3o tranquila e valorizada Ideal para lazer, moradia ou investimento.        <\/p>\n\n                    <div class=\"detail inline-property-icons\">\n                                                                                                                                                                                                                    <span title=\"\u00c1rea\" class=\"rem-info\">\n                                    <i class=\"fa fa-arrows-alt\"><\/i> &nbsp;\n                                    3000 m\u00b2                                <\/span>\n                                                                                    <\/div>\n        \n        <div class=\"content-footer\">\n            <div class=\"agent-info\">\n                <img alt='' src='https:\/\/secure.gravatar.com\/avatar\/48562f07760adb33778095242584664e1537a0f01b88e2b36197d01609df708d?s=512&#038;d=mm&#038;r=g' srcset='https:\/\/secure.gravatar.com\/avatar\/48562f07760adb33778095242584664e1537a0f01b88e2b36197d01609df708d?s=1024&#038;d=mm&#038;r=g 2x' class='avatar avatar-512 photo' height='512' width='512' \/><a target=\"\" href=\"https:\/\/mariarodrigues.com.br\/site\/author\/maria\/?property_id=2692\"><span class=\"agent-name\">Maria Rodrigues<\/span><\/a>            <\/div>\n            <div class=\"icons-wrap\">\n                                <ul>\n                    <li>\n                        <a title=\"Detalhes\" target=\"\" href=\"https:\/\/mariarodrigues.com.br\/site\/property\/chacara-proximo-ao-terra-parque\/\">\n                            <i class=\"fa fa-share\"><\/i>\n                        <\/a>\n                    <\/li>\n                                                            <li>\n                        <a href=\"#\" class=\"rem-compare-btn\" title=\"Compare\" data-property_id=\"2692\">\n                            <i class=\"fa fa-plus\"><\/i>\n                        <\/a>\n                    <\/li>\n                                    <\/ul>\n                        <\/div>\n            <div class=\"clearfix\"><\/div>\n        <\/div>\n    <\/div>\n    <div class=\"clearfix\"><\/div>\n<\/div><\/div><div id=\"property-2254\"  class=\"col-sm-12 m-item post-2254 rem_property type-rem_property status-publish hentry rem_property_tag-chacaras rem_property_cat-chacaras\"><div class=\"rem-style-1 rem-property-box\">\n    <div class=\"img-container\">\n        <a target=\"\" href=\"https:\/\/mariarodrigues.com.br\/site\/property\/chacara-taciba\/\">\n                                        <span class=\"property-type\">Ch\u00e1cara<\/span>\n                        <span class=\"address-text\">\n                <i class=\"fa fa-map-marker-alt\"><\/i>\n                            <\/span>\n            <span class=\"images-text\">\n                <i class=\"fa fa-camera\"><\/i>\n                41            <\/span>\n            <img loading=\"lazy\" decoding=\"async\" width=\"1024\" height=\"768\" src=\"https:\/\/mariarodrigues.com.br\/site\/wp-content\/uploads\/2026\/01\/Chacara-Taciba-1.jpg\" class=\"img-responsive rem-f-image\" alt=\"\" data-pid=\"2254\" srcset=\"https:\/\/mariarodrigues.com.br\/site\/wp-content\/uploads\/2026\/01\/Chacara-Taciba-1.jpg 1024w, https:\/\/mariarodrigues.com.br\/site\/wp-content\/uploads\/2026\/01\/Chacara-Taciba-1-300x225.jpg 300w, https:\/\/mariarodrigues.com.br\/site\/wp-content\/uploads\/2026\/01\/Chacara-Taciba-1-768x576.jpg 768w\" sizes=\"auto, (max-width: 1024px) 100vw, 1024px\" \/>        <\/a>\n    <\/div>\n\n    <div class=\"content-container\">\n        <a target=\"\" href=\"https:\/\/mariarodrigues.com.br\/site\/property\/chacara-taciba\/\">\n            <h2 class=\"property-title\">Taciba<\/h2> \n        <\/a>\n        <p class=\"property-price\">\n                           <span class=\"price\"><span class=\"rem-price-amount\"><span class=\"rem-currency-symbol\">&#82;&#36;<\/span>260.000,00<\/span>  -  EXCLUSIVO<\/span> \n                        \n        <\/p>\n        <p class=\"property-excerpt\">\n            Ch\u00e1cara em Taciba com 4.000 metros quadrados e topografia plana. Possui ed\u00edcula com&hellip;        <\/p>\n\n                    <div class=\"detail inline-property-icons\">\n                                                                                                                            <span title=\"Camas\" class=\"rem-info\">\n                                    <i class=\"fa fa-bed\"><\/i> &nbsp;\n                                    1                                <\/span>\n                                                                                                                                                                                    <span title=\"Banhos\" class=\"rem-info\">\n                                    <i class=\"fa fa-bath\"><\/i> &nbsp;\n                                    1                                <\/span>\n                                                                                                                                                                                    <span title=\"\u00c1rea\" class=\"rem-info\">\n                                    <i class=\"fa fa-arrows-alt\"><\/i> &nbsp;\n                                    4000 m\u00b2                                <\/span>\n                                                                                    <\/div>\n        \n        <div class=\"content-footer\">\n            <div class=\"agent-info\">\n                <img alt='' src='https:\/\/secure.gravatar.com\/avatar\/48562f07760adb33778095242584664e1537a0f01b88e2b36197d01609df708d?s=512&#038;d=mm&#038;r=g' srcset='https:\/\/secure.gravatar.com\/avatar\/48562f07760adb33778095242584664e1537a0f01b88e2b36197d01609df708d?s=1024&#038;d=mm&#038;r=g 2x' class='avatar avatar-512 photo' height='512' width='512' \/><a target=\"\" href=\"https:\/\/mariarodrigues.com.br\/site\/author\/maria\/?property_id=2254\"><span class=\"agent-name\">Maria Rodrigues<\/span><\/a>            <\/div>\n            <div class=\"icons-wrap\">\n                                <ul>\n                    <li>\n                        <a title=\"Detalhes\" target=\"\" href=\"https:\/\/mariarodrigues.com.br\/site\/property\/chacara-taciba\/\">\n                            <i class=\"fa fa-share\"><\/i>\n                        <\/a>\n                    <\/li>\n                                                            <li>\n                        <a href=\"#\" class=\"rem-compare-btn\" title=\"Compare\" data-property_id=\"2254\">\n                            <i class=\"fa fa-plus\"><\/i>\n                        <\/a>\n                    <\/li>\n                                    <\/ul>\n                        <\/div>\n            <div class=\"clearfix\"><\/div>\n        <\/div>\n    <\/div>\n    <div class=\"clearfix\"><\/div>\n<\/div><\/div><div id=\"property-2236\"  class=\"col-sm-12 m-item post-2236 rem_property type-rem_property status-publish hentry rem_property_tag-chacaras rem_property_cat-chacaras\"><div class=\"rem-style-1 rem-property-box\">\n    <div class=\"img-container\">\n        <a target=\"\" href=\"https:\/\/mariarodrigues.com.br\/site\/property\/chacara-boa-vista-2\/\">\n                                        <span class=\"property-type\">Ch\u00e1cara<\/span>\n                        <span class=\"address-text\">\n                <i class=\"fa fa-map-marker-alt\"><\/i>\n                            <\/span>\n            <span class=\"images-text\">\n                <i class=\"fa fa-camera\"><\/i>\n                15            <\/span>\n            <img loading=\"lazy\" decoding=\"async\" width=\"1280\" height=\"960\" src=\"https:\/\/mariarodrigues.com.br\/site\/wp-content\/uploads\/2026\/01\/BOA-VISTA-1.jpeg\" class=\"img-responsive rem-f-image\" alt=\"\" data-pid=\"2236\" srcset=\"https:\/\/mariarodrigues.com.br\/site\/wp-content\/uploads\/2026\/01\/BOA-VISTA-1.jpeg 1280w, https:\/\/mariarodrigues.com.br\/site\/wp-content\/uploads\/2026\/01\/BOA-VISTA-1-300x225.jpeg 300w, https:\/\/mariarodrigues.com.br\/site\/wp-content\/uploads\/2026\/01\/BOA-VISTA-1-1024x768.jpeg 1024w, https:\/\/mariarodrigues.com.br\/site\/wp-content\/uploads\/2026\/01\/BOA-VISTA-1-768x576.jpeg 768w\" sizes=\"auto, (max-width: 1280px) 100vw, 1280px\" \/>        <\/a>\n    <\/div>\n\n    <div class=\"content-container\">\n        <a target=\"\" href=\"https:\/\/mariarodrigues.com.br\/site\/property\/chacara-boa-vista-2\/\">\n            <h2 class=\"property-title\">Boa Vista 2<\/h2> \n        <\/a>\n        <p class=\"property-price\">\n                           <span class=\"price\"><span class=\"rem-price-amount\"><span class=\"rem-currency-symbol\">&#82;&#36;<\/span>110.000,00<\/span>  -  EXCLUSIVO<\/span> \n                        \n        <\/p>\n        <p class=\"property-excerpt\">\n            Terreno em \u00c1lvares Machado com \u00e1rea total de 1.046 m\u00b2 no Bairro Boa&hellip;        <\/p>\n\n                    <div class=\"detail inline-property-icons\">\n                                                                                                                                                                                                                    <span title=\"\u00c1rea\" class=\"rem-info\">\n                                    <i class=\"fa fa-arrows-alt\"><\/i> &nbsp;\n                                    1046 m\u00b2                                <\/span>\n                                                                                    <\/div>\n        \n        <div class=\"content-footer\">\n            <div class=\"agent-info\">\n                <img alt='' src='https:\/\/secure.gravatar.com\/avatar\/48562f07760adb33778095242584664e1537a0f01b88e2b36197d01609df708d?s=512&#038;d=mm&#038;r=g' srcset='https:\/\/secure.gravatar.com\/avatar\/48562f07760adb33778095242584664e1537a0f01b88e2b36197d01609df708d?s=1024&#038;d=mm&#038;r=g 2x' class='avatar avatar-512 photo' height='512' width='512' \/><a target=\"\" href=\"https:\/\/mariarodrigues.com.br\/site\/author\/maria\/?property_id=2236\"><span class=\"agent-name\">Maria Rodrigues<\/span><\/a>            <\/div>\n            <div class=\"icons-wrap\">\n                                <ul>\n                    <li>\n                        <a title=\"Detalhes\" target=\"\" href=\"https:\/\/mariarodrigues.com.br\/site\/property\/chacara-boa-vista-2\/\">\n                            <i class=\"fa fa-share\"><\/i>\n                        <\/a>\n                    <\/li>\n                                                            <li>\n                        <a href=\"#\" class=\"rem-compare-btn\" title=\"Compare\" data-property_id=\"2236\">\n                            <i class=\"fa fa-plus\"><\/i>\n                        <\/a>\n                    <\/li>\n                                    <\/ul>\n                        <\/div>\n            <div class=\"clearfix\"><\/div>\n        <\/div>\n    <\/div>\n    <div class=\"clearfix\"><\/div>\n<\/div><\/div><div id=\"property-2204\"  class=\"col-sm-12 m-item post-2204 rem_property type-rem_property status-publish hentry rem_property_tag-chacaras rem_property_tag-flipping rem_property_cat-chacaras rem_property_cat-flipping\"><div class=\"rem-style-1 rem-property-box\">\n    <div class=\"img-container\">\n        <a target=\"\" href=\"https:\/\/mariarodrigues.com.br\/site\/property\/chacara-alvares-machado\/\">\n                                        <span class=\"property-type\">Ch\u00e1cara<\/span>\n                        <span class=\"address-text\">\n                <i class=\"fa fa-map-marker-alt\"><\/i>\n                            <\/span>\n            <span class=\"images-text\">\n                <i class=\"fa fa-camera\"><\/i>\n                27            <\/span>\n            <img loading=\"lazy\" decoding=\"async\" width=\"1024\" height=\"767\" src=\"https:\/\/mariarodrigues.com.br\/site\/wp-content\/uploads\/2026\/01\/VALMOR-13.jpg\" class=\"img-responsive rem-f-image\" alt=\"\" data-pid=\"2204\" srcset=\"https:\/\/mariarodrigues.com.br\/site\/wp-content\/uploads\/2026\/01\/VALMOR-13.jpg 1024w, https:\/\/mariarodrigues.com.br\/site\/wp-content\/uploads\/2026\/01\/VALMOR-13-300x225.jpg 300w, https:\/\/mariarodrigues.com.br\/site\/wp-content\/uploads\/2026\/01\/VALMOR-13-768x575.jpg 768w\" sizes=\"auto, (max-width: 1024px) 100vw, 1024px\" \/>        <\/a>\n    <\/div>\n\n    <div class=\"content-container\">\n        <a target=\"\" href=\"https:\/\/mariarodrigues.com.br\/site\/property\/chacara-alvares-machado\/\">\n            <h2 class=\"property-title\">\u00c1lvares Machado<\/h2> \n        <\/a>\n        <p class=\"property-price\">\n                           <span class=\"price\"><del><span class=\"rem-price-amount\"><span class=\"rem-currency-symbol\">&#82;&#36;<\/span>160.000,00<\/span><\/del> <span class=\"sale-price\"><span class=\"rem-price-amount\"><span class=\"rem-currency-symbol\">&#82;&#36;<\/span>155.000,00<\/span><\/span>  -  EXCLUSIVO<\/span> \n                        \n        <\/p>\n        <p class=\"property-excerpt\">\n            Ch\u00e1cara em Alvares Machado com terreno de 1.000 metros e pomar formado.        <\/p>\n\n                    <div class=\"detail inline-property-icons\">\n                                                                                                                            <span title=\"Camas\" class=\"rem-info\">\n                                    <i class=\"fa fa-bed\"><\/i> &nbsp;\n                                    3                                <\/span>\n                                                                                                                                                                                    <span title=\"Banhos\" class=\"rem-info\">\n                                    <i class=\"fa fa-bath\"><\/i> &nbsp;\n                                    2                                <\/span>\n                                                                                                                                                                                    <span title=\"\u00c1rea\" class=\"rem-info\">\n                                    <i class=\"fa fa-arrows-alt\"><\/i> &nbsp;\n                                    1000 m\u00b2                                <\/span>\n                                                                                    <\/div>\n        \n        <div class=\"content-footer\">\n            <div class=\"agent-info\">\n                <img alt='' src='https:\/\/secure.gravatar.com\/avatar\/48562f07760adb33778095242584664e1537a0f01b88e2b36197d01609df708d?s=512&#038;d=mm&#038;r=g' srcset='https:\/\/secure.gravatar.com\/avatar\/48562f07760adb33778095242584664e1537a0f01b88e2b36197d01609df708d?s=1024&#038;d=mm&#038;r=g 2x' class='avatar avatar-512 photo' height='512' width='512' \/><a target=\"\" href=\"https:\/\/mariarodrigues.com.br\/site\/author\/maria\/?property_id=2204\"><span class=\"agent-name\">Maria Rodrigues<\/span><\/a>            <\/div>\n            <div class=\"icons-wrap\">\n                                <ul>\n                    <li>\n                        <a title=\"Detalhes\" target=\"\" href=\"https:\/\/mariarodrigues.com.br\/site\/property\/chacara-alvares-machado\/\">\n                            <i class=\"fa fa-share\"><\/i>\n                        <\/a>\n                    <\/li>\n                                                            <li>\n                        <a href=\"#\" class=\"rem-compare-btn\" title=\"Compare\" data-property_id=\"2204\">\n                            <i class=\"fa fa-plus\"><\/i>\n                        <\/a>\n                    <\/li>\n                                    <\/ul>\n                        <\/div>\n            <div class=\"clearfix\"><\/div>\n        <\/div>\n    <\/div>\n    <div class=\"clearfix\"><\/div>\n<\/div><\/div><div id=\"property-2175\"  class=\"col-sm-12 m-item post-2175 rem_property type-rem_property status-publish hentry rem_property_tag-chacaras rem_property_cat-chacaras\"><div class=\"rem-style-1 rem-property-box\">\n    <div class=\"img-container\">\n        <a target=\"\" href=\"https:\/\/mariarodrigues.com.br\/site\/property\/chacara-1o-de-maio\/\">\n                                        <span class=\"property-type\">Ch\u00e1cara<\/span>\n                        <span class=\"address-text\">\n                <i class=\"fa fa-map-marker-alt\"><\/i>\n                            <\/span>\n            <span class=\"images-text\">\n                <i class=\"fa fa-camera\"><\/i>\n                26            <\/span>\n            <img loading=\"lazy\" decoding=\"async\" width=\"1024\" height=\"768\" src=\"https:\/\/mariarodrigues.com.br\/site\/wp-content\/uploads\/2026\/01\/1-1.jpeg\" class=\"img-responsive rem-f-image\" alt=\"\" data-pid=\"2175\" srcset=\"https:\/\/mariarodrigues.com.br\/site\/wp-content\/uploads\/2026\/01\/1-1.jpeg 1024w, https:\/\/mariarodrigues.com.br\/site\/wp-content\/uploads\/2026\/01\/1-1-300x225.jpeg 300w, https:\/\/mariarodrigues.com.br\/site\/wp-content\/uploads\/2026\/01\/1-1-768x576.jpeg 768w\" sizes=\"auto, (max-width: 1024px) 100vw, 1024px\" \/>        <\/a>\n    <\/div>\n\n    <div class=\"content-container\">\n        <a target=\"\" href=\"https:\/\/mariarodrigues.com.br\/site\/property\/chacara-1o-de-maio\/\">\n            <h2 class=\"property-title\">1\u00ba de Maio<\/h2> \n        <\/a>\n        <p class=\"property-price\">\n                           <span class=\"price\"><del><span class=\"rem-price-amount\"><span class=\"rem-currency-symbol\">&#82;&#36;<\/span>238.000,00<\/span><\/del> <span class=\"sale-price\"><span class=\"rem-price-amount\"><span class=\"rem-currency-symbol\">&#82;&#36;<\/span>200.000,00<\/span><\/span>  -  EXCLUSIVO<\/span> \n                        \n        <\/p>\n        <p class=\"property-excerpt\">\n            \ud83c\udf3f Ch\u00e1cara Encantadora com Vista Panor\u00e2mica no Bairro 1\u00ba de Maio \u00c1lvares Machado&hellip;        <\/p>\n\n                    <div class=\"detail inline-property-icons\">\n                                                                                                                            <span title=\"Camas\" class=\"rem-info\">\n                                    <i class=\"fa fa-bed\"><\/i> &nbsp;\n                                    2                                <\/span>\n                                                                                                                                                                                    <span title=\"Banhos\" class=\"rem-info\">\n                                    <i class=\"fa fa-bath\"><\/i> &nbsp;\n                                    1                                <\/span>\n                                                                                                                                                                                    <span title=\"\u00c1rea\" class=\"rem-info\">\n                                    <i class=\"fa fa-arrows-alt\"><\/i> &nbsp;\n                                    1000 m\u00b2                                <\/span>\n                                                                                    <\/div>\n        \n        <div class=\"content-footer\">\n            <div class=\"agent-info\">\n                <img alt='' src='https:\/\/secure.gravatar.com\/avatar\/48562f07760adb33778095242584664e1537a0f01b88e2b36197d01609df708d?s=512&#038;d=mm&#038;r=g' srcset='https:\/\/secure.gravatar.com\/avatar\/48562f07760adb33778095242584664e1537a0f01b88e2b36197d01609df708d?s=1024&#038;d=mm&#038;r=g 2x' class='avatar avatar-512 photo' height='512' width='512' \/><a target=\"\" href=\"https:\/\/mariarodrigues.com.br\/site\/author\/maria\/?property_id=2175\"><span class=\"agent-name\">Maria Rodrigues<\/span><\/a>            <\/div>\n            <div class=\"icons-wrap\">\n                                <ul>\n                    <li>\n                        <a title=\"Detalhes\" target=\"\" href=\"https:\/\/mariarodrigues.com.br\/site\/property\/chacara-1o-de-maio\/\">\n                            <i class=\"fa fa-share\"><\/i>\n                        <\/a>\n                    <\/li>\n                                                            <li>\n                        <a href=\"#\" class=\"rem-compare-btn\" title=\"Compare\" data-property_id=\"2175\">\n                            <i class=\"fa fa-plus\"><\/i>\n                        <\/a>\n                    <\/li>\n                                    <\/ul>\n                        <\/div>\n            <div class=\"clearfix\"><\/div>\n        <\/div>\n    <\/div>\n    <div class=\"clearfix\"><\/div>\n<\/div><\/div><\/div><div class=\"text-center\"><\/div>\t<\/div>\n\t\n<\/div>\n","protected":false},"excerpt":{"rendered":"<p>Ch\u00e1caras<\/p>\n","protected":false},"author":1,"featured_media":0,"parent":0,"menu_order":0,"comment_status":"closed","ping_status":"closed","template":"","meta":{"_joinchat":[],"footnotes":""},"class_list":["post-42","page","type-page","status-publish","hentry"],"_links":{"self":[{"href":"https:\/\/mariarodrigues.com.br\/site\/wp-json\/wp\/v2\/pages\/42","targetHints":{"allow":["GET"]}}],"collection":[{"href":"https:\/\/mariarodrigues.com.br\/site\/wp-json\/wp\/v2\/pages"}],"about":[{"href":"https:\/\/mariarodrigues.com.br\/site\/wp-json\/wp\/v2\/types\/page"}],"author":[{"embeddable":true,"href":"https:\/\/mariarodrigues.com.br\/site\/wp-json\/wp\/v2\/users\/1"}],"replies":[{"embeddable":true,"href":"https:\/\/mariarodrigues.com.br\/site\/wp-json\/wp\/v2\/comments?post=42"}],"version-history":[{"count":2,"href":"https:\/\/mariarodrigues.com.br\/site\/wp-json\/wp\/v2\/pages\/42\/revisions"}],"predecessor-version":[{"id":4087,"href":"https:\/\/mariarodrigues.com.br\/site\/wp-json\/wp\/v2\/pages\/42\/revisions\/4087"}],"wp:attachment":[{"href":"https:\/\/mariarodrigues.com.br\/site\/wp-json\/wp\/v2\/media?parent=42"}],"curies":[{"name":"wp","href":"https:\/\/api.w.org\/{rel}","templated":true}]}}