

{"id":44,"date":"2026-02-12T18:32:26","date_gmt":"2026-02-12T21:32:26","guid":{"rendered":"https:\/\/mariarodrigues.com.br\/site\/?page_id=44"},"modified":"2026-03-09T09:00:12","modified_gmt":"2026-03-09T12:00:12","slug":"comerciais","status":"publish","type":"page","link":"https:\/\/mariarodrigues.com.br\/site\/comerciais\/","title":{"rendered":"Comerciais"},"content":{"rendered":"<h1 style=\"text-align: center;\">Comerciais<\/h1>\n<div class=\"centralizar-busca-ricardo\" style=\"padding-left: 10px; padding-right: 10px; max-width: 90%; margin: 0 auto;\">\n\n\t<div\n\t\tclass=\"ich-settings-main-wrap rem-listings-wrap-ajax-disable\"\n\t \tdata-lstyle=\"1\"\n\t \tdata-cols=\"col-sm-12 m-item\"\n\t \tdata-paged=\"1\"\n\t \tdata-total=\"10\"\n\t>\n\n\n\t\t\n\t<div class=\"row \"><div id=\"property-3148\"  class=\"col-sm-12 m-item post-3148 rem_property type-rem_property status-publish hentry rem_property_tag-casas rem_property_tag-comercial rem_property_tag-flipping rem_property_cat-casas rem_property_cat-comercial rem_property_cat-flipping\"><div class=\"rem-style-1 rem-property-box\">\n    <div class=\"img-container\">\n        <a target=\"\" href=\"https:\/\/mariarodrigues.com.br\/site\/property\/jardim-jequitiba\/\">\n                                        <span class=\"property-type\">Casa<\/span>\n                        <span class=\"address-text\">\n                <i class=\"fa fa-map-marker-alt\"><\/i>\n                AV JUSCELINO KUBITSCHEK DE OLIVEIRA, n\u00ba 2225            <\/span>\n            <span class=\"images-text\">\n                <i class=\"fa fa-camera\"><\/i>\n                21            <\/span>\n            <img loading=\"lazy\" decoding=\"async\" width=\"1024\" height=\"768\" src=\"https:\/\/mariarodrigues.com.br\/site\/wp-content\/uploads\/2026\/02\/Jardim-Everest-1.jpg\" class=\"img-responsive rem-f-image\" alt=\"\" data-pid=\"3148\" srcset=\"https:\/\/mariarodrigues.com.br\/site\/wp-content\/uploads\/2026\/02\/Jardim-Everest-1.jpg 1024w, https:\/\/mariarodrigues.com.br\/site\/wp-content\/uploads\/2026\/02\/Jardim-Everest-1-300x225.jpg 300w, https:\/\/mariarodrigues.com.br\/site\/wp-content\/uploads\/2026\/02\/Jardim-Everest-1-768x576.jpg 768w\" sizes=\"auto, (max-width: 1024px) 100vw, 1024px\" \/>        <\/a>\n    <\/div>\n\n    <div class=\"content-container\">\n        <a target=\"\" href=\"https:\/\/mariarodrigues.com.br\/site\/property\/jardim-jequitiba\/\">\n            <h2 class=\"property-title\">Jardim Everest<\/h2> \n        <\/a>\n        <p class=\"property-price\">\n                           <span class=\"price\"><span class=\"rem-price-amount\"><span class=\"rem-currency-symbol\">&#82;&#36;<\/span>600.000,00<\/span>  -  EXCLUSIVO<\/span> \n                        \n        <\/p>\n        <p class=\"property-excerpt\">\n            Localizado em um terreno estrat\u00e9gico de 252 m\u00b2 (12x21m) no Jardim Jequitib\u00e1, este...        <\/p>\n\n                    <div class=\"detail inline-property-icons\">\n                                                                                                                            <span title=\"Camas\" class=\"rem-info\">\n                                    <i class=\"fa fa-bed\"><\/i> &nbsp;\n                                    5                                <\/span>\n                                                                                                                                                                                    <span title=\"Banhos\" class=\"rem-info\">\n                                    <i class=\"fa fa-bath\"><\/i> &nbsp;\n                                    6                                <\/span>\n                                                                                                                                <\/div>\n        \n        <div class=\"content-footer\">\n            <div class=\"agent-info\">\n                <img alt='' src='https:\/\/secure.gravatar.com\/avatar\/48562f07760adb33778095242584664e1537a0f01b88e2b36197d01609df708d?s=512&#038;d=mm&#038;r=g' srcset='https:\/\/secure.gravatar.com\/avatar\/48562f07760adb33778095242584664e1537a0f01b88e2b36197d01609df708d?s=1024&#038;d=mm&#038;r=g 2x' class='avatar avatar-512 photo' height='512' width='512' \/><a target=\"\" href=\"https:\/\/mariarodrigues.com.br\/site\/author\/maria\/?property_id=3148\"><span class=\"agent-name\">Maria Rodrigues<\/span><\/a>            <\/div>\n            <div class=\"icons-wrap\">\n                                <ul>\n                    <li>\n                        <a title=\"Detalhes\" target=\"\" href=\"https:\/\/mariarodrigues.com.br\/site\/property\/jardim-jequitiba\/\">\n                            <i class=\"fa fa-share\"><\/i>\n                        <\/a>\n                    <\/li>\n                                                            <li>\n                        <a href=\"#\" class=\"rem-compare-btn\" title=\"Compare\" data-property_id=\"3148\">\n                            <i class=\"fa fa-plus\"><\/i>\n                        <\/a>\n                    <\/li>\n                                    <\/ul>\n                        <\/div>\n            <div class=\"clearfix\"><\/div>\n        <\/div>\n    <\/div>\n    <div class=\"clearfix\"><\/div>\n<\/div><\/div><div id=\"property-2883\"  class=\"col-sm-12 m-item post-2883 rem_property type-rem_property status-publish hentry rem_property_tag-casas rem_property_tag-comercial rem_property_cat-casas rem_property_cat-comercial\"><div class=\"rem-style-1 rem-property-box\">\n    <div class=\"img-container\">\n        <a target=\"\" href=\"https:\/\/mariarodrigues.com.br\/site\/property\/casa-jardim-aviacao-2\/\">\n                                        <span class=\"property-type\">Casa<\/span>\n                        <span class=\"address-text\">\n                <i class=\"fa fa-map-marker-alt\"><\/i>\n                            <\/span>\n            <span class=\"images-text\">\n                <i class=\"fa fa-camera\"><\/i>\n                13            <\/span>\n            <img loading=\"lazy\" decoding=\"async\" width=\"1024\" height=\"768\" src=\"https:\/\/mariarodrigues.com.br\/site\/wp-content\/uploads\/2026\/02\/Jardim-Aviacao-1.jpeg\" class=\"img-responsive rem-f-image\" alt=\"\" data-pid=\"2883\" srcset=\"https:\/\/mariarodrigues.com.br\/site\/wp-content\/uploads\/2026\/02\/Jardim-Aviacao-1.jpeg 1024w, https:\/\/mariarodrigues.com.br\/site\/wp-content\/uploads\/2026\/02\/Jardim-Aviacao-1-300x225.jpeg 300w, https:\/\/mariarodrigues.com.br\/site\/wp-content\/uploads\/2026\/02\/Jardim-Aviacao-1-768x576.jpeg 768w\" sizes=\"auto, (max-width: 1024px) 100vw, 1024px\" \/>        <\/a>\n    <\/div>\n\n    <div class=\"content-container\">\n        <a target=\"\" href=\"https:\/\/mariarodrigues.com.br\/site\/property\/casa-jardim-aviacao-2\/\">\n            <h2 class=\"property-title\">Jardim Avia\u00e7\u00e3o<\/h2> \n        <\/a>\n        <p class=\"property-price\">\n                           <span class=\"price\"><span class=\"rem-price-amount\"><span class=\"rem-currency-symbol\">&#82;&#36;<\/span>240.000,00<\/span><\/span> \n                        \n        <\/p>\n        <p class=\"property-excerpt\">\n            Esta \u00e9 uma oportunidade rara de investimento em uma das localiza\u00e7\u00f5es mais...        <\/p>\n\n                    <div class=\"detail inline-property-icons\">\n                                                                                                                            <span title=\"Camas\" class=\"rem-info\">\n                                    <i class=\"fa fa-bed\"><\/i> &nbsp;\n                                    3                                <\/span>\n                                                                                                                                                                                    <span title=\"Banhos\" class=\"rem-info\">\n                                    <i class=\"fa fa-bath\"><\/i> &nbsp;\n                                    1                                <\/span>\n                                                                                                                                                                                    <span title=\"\u00c1rea\" class=\"rem-info\">\n                                    <i class=\"fa fa-arrows-alt\"><\/i> &nbsp;\n                                    242 m\u00b2                                <\/span>\n                                                                                    <\/div>\n        \n        <div class=\"content-footer\">\n            <div class=\"agent-info\">\n                <img alt='' src='https:\/\/secure.gravatar.com\/avatar\/48562f07760adb33778095242584664e1537a0f01b88e2b36197d01609df708d?s=512&#038;d=mm&#038;r=g' srcset='https:\/\/secure.gravatar.com\/avatar\/48562f07760adb33778095242584664e1537a0f01b88e2b36197d01609df708d?s=1024&#038;d=mm&#038;r=g 2x' class='avatar avatar-512 photo' height='512' width='512' \/><a target=\"\" href=\"https:\/\/mariarodrigues.com.br\/site\/author\/maria\/?property_id=2883\"><span class=\"agent-name\">Maria Rodrigues<\/span><\/a>            <\/div>\n            <div class=\"icons-wrap\">\n                                <ul>\n                    <li>\n                        <a title=\"Detalhes\" target=\"\" href=\"https:\/\/mariarodrigues.com.br\/site\/property\/casa-jardim-aviacao-2\/\">\n                            <i class=\"fa fa-share\"><\/i>\n                        <\/a>\n                    <\/li>\n                                                            <li>\n                        <a href=\"#\" class=\"rem-compare-btn\" title=\"Compare\" data-property_id=\"2883\">\n                            <i class=\"fa fa-plus\"><\/i>\n                        <\/a>\n                    <\/li>\n                                    <\/ul>\n                        <\/div>\n            <div class=\"clearfix\"><\/div>\n        <\/div>\n    <\/div>\n    <div class=\"clearfix\"><\/div>\n<\/div><\/div><div id=\"property-2516\"  class=\"col-sm-12 m-item post-2516 rem_property type-rem_property status-publish hentry rem_property_tag-comercial rem_property_tag-terrenos rem_property_cat-terrenos\"><div class=\"rem-style-1 rem-property-box\">\n    <div class=\"img-container\">\n        <a target=\"\" href=\"https:\/\/mariarodrigues.com.br\/site\/property\/terreno-condominio-buritis\/\">\n                                        <span class=\"property-type\">Terreno<\/span>\n                        <span class=\"address-text\">\n                <i class=\"fa fa-map-marker-alt\"><\/i>\n                Av. Eloi Jos\u00e9 Cornachini 410            <\/span>\n            <span class=\"images-text\">\n                <i class=\"fa fa-camera\"><\/i>\n                30            <\/span>\n            <img loading=\"lazy\" decoding=\"async\" width=\"1024\" height=\"768\" src=\"https:\/\/mariarodrigues.com.br\/site\/wp-content\/uploads\/2026\/01\/Buritis-1-1.jpg\" class=\"img-responsive rem-f-image\" alt=\"\" data-pid=\"2516\" srcset=\"https:\/\/mariarodrigues.com.br\/site\/wp-content\/uploads\/2026\/01\/Buritis-1-1.jpg 1024w, https:\/\/mariarodrigues.com.br\/site\/wp-content\/uploads\/2026\/01\/Buritis-1-1-300x225.jpg 300w, https:\/\/mariarodrigues.com.br\/site\/wp-content\/uploads\/2026\/01\/Buritis-1-1-768x576.jpg 768w\" sizes=\"auto, (max-width: 1024px) 100vw, 1024px\" \/>        <\/a>\n    <\/div>\n\n    <div class=\"content-container\">\n        <a target=\"\" href=\"https:\/\/mariarodrigues.com.br\/site\/property\/terreno-condominio-buritis\/\">\n            <h2 class=\"property-title\">Condom\u00ednio Buritis<\/h2> \n        <\/a>\n        <p class=\"property-price\">\n                           <span class=\"price\"><span class=\"rem-price-amount\"><span class=\"rem-currency-symbol\">&#82;&#36;<\/span>150.000,00<\/span>  -  EXCLUSIVO<\/span> \n                        \n        <\/p>\n        <p class=\"property-excerpt\">\n            Terreno de uso misto com 220 metros quadrados no Condom\u00ednio Buritis. Localizado na&hellip;        <\/p>\n\n                    <div class=\"detail inline-property-icons\">\n                                                                                                                                                                                                                    <span title=\"\u00c1rea\" class=\"rem-info\">\n                                    <i class=\"fa fa-arrows-alt\"><\/i> &nbsp;\n                                    220 m\u00b2                                <\/span>\n                                                                                    <\/div>\n        \n        <div class=\"content-footer\">\n            <div class=\"agent-info\">\n                <img alt='' src='https:\/\/secure.gravatar.com\/avatar\/48562f07760adb33778095242584664e1537a0f01b88e2b36197d01609df708d?s=512&#038;d=mm&#038;r=g' srcset='https:\/\/secure.gravatar.com\/avatar\/48562f07760adb33778095242584664e1537a0f01b88e2b36197d01609df708d?s=1024&#038;d=mm&#038;r=g 2x' class='avatar avatar-512 photo' height='512' width='512' \/><a target=\"\" href=\"https:\/\/mariarodrigues.com.br\/site\/author\/maria\/?property_id=2516\"><span class=\"agent-name\">Maria Rodrigues<\/span><\/a>            <\/div>\n            <div class=\"icons-wrap\">\n                                <ul>\n                    <li>\n                        <a title=\"Detalhes\" target=\"\" href=\"https:\/\/mariarodrigues.com.br\/site\/property\/terreno-condominio-buritis\/\">\n                            <i class=\"fa fa-share\"><\/i>\n                        <\/a>\n                    <\/li>\n                                                            <li>\n                        <a href=\"#\" class=\"rem-compare-btn\" title=\"Compare\" data-property_id=\"2516\">\n                            <i class=\"fa fa-plus\"><\/i>\n                        <\/a>\n                    <\/li>\n                                    <\/ul>\n                        <\/div>\n            <div class=\"clearfix\"><\/div>\n        <\/div>\n    <\/div>\n    <div class=\"clearfix\"><\/div>\n<\/div><\/div><\/div><div class=\"text-center\"><\/div>\t<\/div>\n\t\n<\/div>\n","protected":false},"excerpt":{"rendered":"<p>Comerciais<\/p>\n","protected":false},"author":1,"featured_media":0,"parent":0,"menu_order":0,"comment_status":"closed","ping_status":"closed","template":"","meta":{"_joinchat":[],"footnotes":""},"class_list":["post-44","page","type-page","status-publish","hentry"],"_links":{"self":[{"href":"https:\/\/mariarodrigues.com.br\/site\/wp-json\/wp\/v2\/pages\/44","targetHints":{"allow":["GET"]}}],"collection":[{"href":"https:\/\/mariarodrigues.com.br\/site\/wp-json\/wp\/v2\/pages"}],"about":[{"href":"https:\/\/mariarodrigues.com.br\/site\/wp-json\/wp\/v2\/types\/page"}],"author":[{"embeddable":true,"href":"https:\/\/mariarodrigues.com.br\/site\/wp-json\/wp\/v2\/users\/1"}],"replies":[{"embeddable":true,"href":"https:\/\/mariarodrigues.com.br\/site\/wp-json\/wp\/v2\/comments?post=44"}],"version-history":[{"count":2,"href":"https:\/\/mariarodrigues.com.br\/site\/wp-json\/wp\/v2\/pages\/44\/revisions"}],"predecessor-version":[{"id":4088,"href":"https:\/\/mariarodrigues.com.br\/site\/wp-json\/wp\/v2\/pages\/44\/revisions\/4088"}],"wp:attachment":[{"href":"https:\/\/mariarodrigues.com.br\/site\/wp-json\/wp\/v2\/media?parent=44"}],"curies":[{"name":"wp","href":"https:\/\/api.w.org\/{rel}","templated":true}]}}