

{"id":50,"date":"2026-02-12T18:33:47","date_gmt":"2026-02-12T21:33:47","guid":{"rendered":"https:\/\/mariarodrigues.com.br\/site\/?page_id=50"},"modified":"2026-03-09T09:01:49","modified_gmt":"2026-03-09T12:01:49","slug":"sitios","status":"publish","type":"page","link":"https:\/\/mariarodrigues.com.br\/site\/sitios\/","title":{"rendered":"S\u00edtios"},"content":{"rendered":"<h1 style=\"text-align: center;\">S\u00edtio<\/h1>\n<div class=\"centralizar-busca-ricardo\" style=\"padding-left: 10px; padding-right: 10px; max-width: 90%; margin: 0 auto;\">\n\n\t<div\n\t\tclass=\"ich-settings-main-wrap rem-listings-wrap-ajax-disable\"\n\t \tdata-lstyle=\"1\"\n\t \tdata-cols=\"col-sm-12 m-item\"\n\t \tdata-paged=\"1\"\n\t \tdata-total=\"10\"\n\t>\n\n\n\t\t\n\t<div class=\"row \"><div id=\"property-2682\"  class=\"col-sm-12 m-item post-2682 rem_property type-rem_property status-publish hentry rem_property_tag-sitio rem_property_cat-sitio\"><div class=\"rem-style-1 rem-property-box\">\n    <div class=\"img-container\">\n        <a target=\"\" href=\"https:\/\/mariarodrigues.com.br\/site\/property\/sitio-alvares-machado-2\/\">\n                                        <span class=\"property-type\">S\u00edtio<\/span>\n                        <span class=\"address-text\">\n                <i class=\"fa fa-map-marker-alt\"><\/i>\n                            <\/span>\n            <span class=\"images-text\">\n                <i class=\"fa fa-camera\"><\/i>\n                6            <\/span>\n            <img loading=\"lazy\" decoding=\"async\" width=\"492\" height=\"369\" src=\"https:\/\/mariarodrigues.com.br\/site\/wp-content\/uploads\/2026\/02\/Sitio-Alvares-Machado-3-1.jpeg\" class=\"img-responsive rem-f-image\" alt=\"\" data-pid=\"2682\" srcset=\"https:\/\/mariarodrigues.com.br\/site\/wp-content\/uploads\/2026\/02\/Sitio-Alvares-Machado-3-1.jpeg 492w, https:\/\/mariarodrigues.com.br\/site\/wp-content\/uploads\/2026\/02\/Sitio-Alvares-Machado-3-1-300x225.jpeg 300w\" sizes=\"auto, (max-width: 492px) 100vw, 492px\" \/>        <\/a>\n    <\/div>\n\n    <div class=\"content-container\">\n        <a target=\"\" href=\"https:\/\/mariarodrigues.com.br\/site\/property\/sitio-alvares-machado-2\/\">\n            <h2 class=\"property-title\">Alvares Machado<\/h2> \n        <\/a>\n        <p class=\"property-price\">\n                           <span class=\"price\"><span class=\"rem-price-amount\"><span class=\"rem-currency-symbol\">&#82;&#36;<\/span>299.000,00<\/span> - por alqueire<\/span> \n                        \n        <\/p>\n        <p class=\"property-excerpt\">\n            S\u00edtio 5 alqueires em Machado\/SP. Com 2 casas, po\u00e7o, 100 p\u00e9s de lim\u00e3o&hellip;        <\/p>\n\n                    <div class=\"detail inline-property-icons\">\n                                                                                                                                                                                                                    <span title=\"\u00c1rea\" class=\"rem-info\">\n                                    <i class=\"fa fa-arrows-alt\"><\/i> &nbsp;\n                                    121.000 m\u00b2                                <\/span>\n                                                                                    <\/div>\n        \n        <div class=\"content-footer\">\n            <div class=\"agent-info\">\n                <img alt='' src='https:\/\/secure.gravatar.com\/avatar\/48562f07760adb33778095242584664e1537a0f01b88e2b36197d01609df708d?s=512&#038;d=mm&#038;r=g' srcset='https:\/\/secure.gravatar.com\/avatar\/48562f07760adb33778095242584664e1537a0f01b88e2b36197d01609df708d?s=1024&#038;d=mm&#038;r=g 2x' class='avatar avatar-512 photo' height='512' width='512' \/><a target=\"\" href=\"https:\/\/mariarodrigues.com.br\/site\/author\/maria\/?property_id=2682\"><span class=\"agent-name\">Maria Rodrigues<\/span><\/a>            <\/div>\n            <div class=\"icons-wrap\">\n                                <ul>\n                    <li>\n                        <a title=\"Detalhes\" target=\"\" href=\"https:\/\/mariarodrigues.com.br\/site\/property\/sitio-alvares-machado-2\/\">\n                            <i class=\"fa fa-share\"><\/i>\n                        <\/a>\n                    <\/li>\n                                                            <li>\n                        <a href=\"#\" class=\"rem-compare-btn\" title=\"Compare\" data-property_id=\"2682\">\n                            <i class=\"fa fa-plus\"><\/i>\n                        <\/a>\n                    <\/li>\n                                    <\/ul>\n                        <\/div>\n            <div class=\"clearfix\"><\/div>\n        <\/div>\n    <\/div>\n    <div class=\"clearfix\"><\/div>\n<\/div><\/div><\/div><div class=\"text-center\"><\/div>\t<\/div>\n\t\n<\/div>\n","protected":false},"excerpt":{"rendered":"<p>S\u00edtio<\/p>\n","protected":false},"author":1,"featured_media":0,"parent":0,"menu_order":0,"comment_status":"closed","ping_status":"closed","template":"","meta":{"_joinchat":[],"footnotes":""},"class_list":["post-50","page","type-page","status-publish","hentry"],"_links":{"self":[{"href":"https:\/\/mariarodrigues.com.br\/site\/wp-json\/wp\/v2\/pages\/50","targetHints":{"allow":["GET"]}}],"collection":[{"href":"https:\/\/mariarodrigues.com.br\/site\/wp-json\/wp\/v2\/pages"}],"about":[{"href":"https:\/\/mariarodrigues.com.br\/site\/wp-json\/wp\/v2\/types\/page"}],"author":[{"embeddable":true,"href":"https:\/\/mariarodrigues.com.br\/site\/wp-json\/wp\/v2\/users\/1"}],"replies":[{"embeddable":true,"href":"https:\/\/mariarodrigues.com.br\/site\/wp-json\/wp\/v2\/comments?post=50"}],"version-history":[{"count":3,"href":"https:\/\/mariarodrigues.com.br\/site\/wp-json\/wp\/v2\/pages\/50\/revisions"}],"predecessor-version":[{"id":4093,"href":"https:\/\/mariarodrigues.com.br\/site\/wp-json\/wp\/v2\/pages\/50\/revisions\/4093"}],"wp:attachment":[{"href":"https:\/\/mariarodrigues.com.br\/site\/wp-json\/wp\/v2\/media?parent=50"}],"curies":[{"name":"wp","href":"https:\/\/api.w.org\/{rel}","templated":true}]}}